{"id":33,"date":"2024-10-27T09:37:15","date_gmt":"2024-10-27T08:37:15","guid":{"rendered":"http:\/\/tsrzobozdravstvo.si\/?page_id=33"},"modified":"2026-04-30T12:40:06","modified_gmt":"2026-04-30T10:40:06","slug":"strazisar-radic-tanja-privatna-zobna-ordinacija","status":"publish","type":"page","link":"https:\/\/tsrzobozdravstvo.si\/","title":{"rendered":"Stra\u017ei\u0161ar Radi\u0107 Tanja &#8211; Privatna Zobna Ordinacija"},"content":{"rendered":"<section class=\"bde-section-33-100 bde-section\">\n  \n  \n\t\n\n\n\n<div class=\"section-container\"><div class=\"bde-columns-33-104 bde-columns\"><div class=\"bde-column-33-105 bde-column\">\n  \n  \n\t\n\n\n\n<h3 class=\"bde-heading-33-110 bde-heading\">\nObvestila\n<\/h3><div class=\"bde-post-list-33-107 bde-post-list\"><div class=\"bde-loop bde-loop-list ee-posts ee-posts-list\">    <article class=\"bde-loop-item ee-post\">\n        \n        \n        <div class=\"bde-loop-item__wrap ee-post-wrap\">\n            \n                            <h3 class=\"ee-post-title\">\n                    <a class=\"bde-loop-item__title-link ee-post-title-link\" href=\"https:\/\/tsrzobozdravstvo.si\/?p=445\" >\n                        Ambulanta  v  ponedeljek  04.05.2026  NE  DELA.                    <\/a>\n                <\/h3>\n                            <div class=\"bde-loop-item__post-meta ee-post-meta\">\n                                                                                <span class=\"bde-loop-item__meta-date bde-loop-item__meta-item ee-post-meta-date ee-post-meta-item\">\n                                    <a href=\"https:\/\/tsrzobozdravstvo.si\/?m=20260430\" >\n                                        30 aprila, 2026                                    <\/a>\n                                <\/span>\n                                                \n                <\/div>\n                            <div class=\"bde-loop-item__content ee-post-content\">\n                    \n<p>&#8212;  paciente  z  bole\u010dinami  sprejema  de\u017eurna  ambulanta  &#8212;<\/p>\n                <\/div>\n            \n            \n        <\/div>\n\n    <\/article>\n\n<\/div><\/div><div class=\"bde-rich-text-33-112 bde-rich-text breakdance-rich-text-styles\">\n<p><strong>\u010cakalne dobe:<\/strong><\/p>\n<ul>\n<li>konzervativa: 150 dni<\/li>\n<li>protetika: pod 1 leto<\/li>\n<\/ul>\n<p><strong>Odgovorna oseba za vodenje \u010dakalne knjige je<\/strong>:<\/p>\n<p>Tanja Stra\u017ei\u0161ar-Radi\u0107 dr.dent.med.<\/p>\n<p><strong>\u0160tevilo registriranih pacientov<\/strong>: <em>1441<\/em><\/p>\n<p><strong>Mo\u017enosti naro\u010danja v na\u0161o ambulanto<\/strong>:<\/p>\n<ul>\n<li><em style=\"font-weight: bold;\">osebno:<\/em> med rednim delovnim \u010dasom<\/li>\n<li><strong style=\"font-style: italic;\">po telefonu:<\/strong> med rednim delovnim \u010dasom<\/li>\n<li><strong style=\"font-style: italic;\">po e-po\u0161ti:<\/strong> <a style=\"font-style: italic;\" href=\"mailto:strazisarradic@gmail.com\">strazisarradic@gmail.com<\/a><\/li>\n<li><strong style=\"font-style: italic;\">po po\u0161ti:<\/strong><i> Cesta mar\u0161ala Tita 78, 4270 Jesenice<\/i><\/li>\n<\/ul>\n<\/div>\n<\/div><div class=\"bde-column-33-106 bde-column\">\n  \n  \n\t\n\n\n\n<h3 class=\"bde-heading-33-108 bde-heading\">\nDelovni \u010das\n<\/h3><div class=\"bde-rich-text-33-109 bde-rich-text breakdance-rich-text-styles\">\n<table class=\"alignleft\" style=\"height: 120px; width: 100%; border-collapse: collapse;\" border=\"1\" cellspacing=\"10\">\n<tbody>\n<tr style=\"height: 24px;\">\n<td style=\"width: 11.661%; height: 24px;\">Ponedeljek<\/td>\n<td style=\"width: 28.9103%; height: 24px;\">12:00 - 18:30<\/td>\n<\/tr>\n<tr style=\"height: 24px;\">\n<td style=\"width: 11.661%; height: 24px;\">Torek<\/td>\n<td style=\"width: 28.9103%; height: 24px;\">13:30 - 20:00<\/td>\n<\/tr>\n<tr style=\"height: 24px;\">\n<td style=\"width: 11.661%; height: 24px;\">Sreda<\/td>\n<td style=\"width: 28.9103%; height: 24px;\">6:00 - 12:30<\/td>\n<\/tr>\n<tr style=\"height: 24px;\">\n<td style=\"width: 11.661%; height: 24px;\">\u010cetrtek<\/td>\n<td style=\"width: 28.9103%; height: 24px;\">6:00 - 12:30<\/td>\n<\/tr>\n<tr style=\"height: 24px;\">\n<td style=\"width: 11.661%; height: 24px;\">Petek<\/td>\n<td style=\"width: 28.9103%; height: 24px;\">6:00 - 12:30<\/td>\n<\/tr>\n<\/tbody>\n<\/table>\n<\/div><div class=\"bde-rich-text-33-115 bde-rich-text breakdance-rich-text-styles\">\n<p><strong>Naro\u010danje in informacije po telefonu:<\/strong><br \/>04-583-13-10<\/p>\n<p>Ponedeljek : <strong>med 11.00 in 12.00 uro<br \/><\/strong>Torek : <strong>med 13.00 in 14.00 uro<br \/><\/strong>Sreda, \u010detrtek in petek : <strong>med 13.00 in 14.00 uro<\/strong><\/p>\n<\/div><div class=\"bde-shortcode-33-113 bde-shortcode\"><noscript class=\"ninja-forms-noscript-message\">\n\tNotice: JavaScript is required for this content.<\/noscript>\n<div id=\"nf-form-2-cont\" class=\"nf-form-cont form1\" aria-live=\"polite\" aria-labelledby=\"nf-form-title-2\" aria-describedby=\"nf-form-errors-2\" role=\"form\">\n\n    <div class=\"nf-loading-spinner\"><\/div>\n\n<\/div>\n        <!-- That data is being printed as a workaround to page builders reordering the order of the scripts loaded-->\n        <script>var formDisplay=1;var nfForms=nfForms||[];var form=[];form.id='2';form.settings={\"objectType\":\"Form Setting\",\"editActive\":true,\"title\":\"Naro\\u010dite se!\",\"created_at\":\"2016-08-28 16:16:05\",\"form_title\":\"Event Registration\",\"default_label_pos\":\"above\",\"show_title\":\"1\",\"clear_complete\":\"1\",\"hide_complete\":\"1\",\"logged_in\":\"0\",\"key\":\"\",\"wrapper_class\":\"form1\",\"element_class\":\"\",\"add_submit\":\"0\",\"not_logged_in_msg\":\"\",\"sub_limit_number\":\"\",\"sub_limit_msg\":\"\",\"calculations\":[],\"formContentData\":[\"ime_in_priimek_1730021884738\",\"vas_email_1730021935330\",\"datum_1730022037932\",\"sporocilo_1730022142876\",\"poslji_1730022172490\"],\"currency\":\"EUR\",\"unique_field_error\":\"A form with this value has already been submitted.\",\"allow_public_link\":0,\"embed_form\":\"\",\"form_title_heading_level\":\"3\",\"changeEmailErrorMsg\":\"Please enter a valid email address!\",\"changeDateErrorMsg\":\"Please enter a valid date!\",\"confirmFieldErrorMsg\":\"These fields must match!\",\"fieldNumberNumMinError\":\"Number Min Error\",\"fieldNumberNumMaxError\":\"Number Max Error\",\"fieldNumberIncrementBy\":\"Please increment by \",\"formErrorsCorrectErrors\":\"Please correct errors before submitting this form.\",\"validateRequiredField\":\"This is a required field.\",\"honeypotHoneypotError\":\"Honeypot Error\",\"fieldsMarkedRequired\":\"Fields marked with an <span class=\\\"ninja-forms-req-symbol\\\">*<\\\/span> are required\",\"objectDomain\":\"display\",\"drawerDisabled\":false,\"ninjaForms\":\"Ninja Forms\",\"fieldTextareaRTEInsertLink\":\"Insert Link\",\"fieldTextareaRTEInsertMedia\":\"Insert Media\",\"fieldTextareaRTESelectAFile\":\"Select a file\",\"formHoneypot\":\"If you are a human seeing this field, please leave it empty.\",\"fileUploadOldCodeFileUploadInProgress\":\"File Upload in Progress.\",\"fileUploadOldCodeFileUpload\":\"FILE UPLOAD\",\"currencySymbol\":\"&#36;\",\"thousands_sep\":\".\",\"decimal_point\":\",\",\"siteLocale\":\"sl_SI\",\"dateFormat\":\"m\\\/d\\\/Y\",\"startOfWeek\":\"1\",\"of\":\"of\",\"previousMonth\":\"Previous Month\",\"nextMonth\":\"Next Month\",\"months\":[\"January\",\"February\",\"March\",\"April\",\"May\",\"June\",\"July\",\"August\",\"September\",\"October\",\"November\",\"December\"],\"monthsShort\":[\"Jan\",\"Feb\",\"Mar\",\"Apr\",\"May\",\"Jun\",\"Jul\",\"Aug\",\"Sep\",\"Oct\",\"Nov\",\"Dec\"],\"weekdays\":[\"Sunday\",\"Monday\",\"Tuesday\",\"Wednesday\",\"Thursday\",\"Friday\",\"Saturday\"],\"weekdaysShort\":[\"Sun\",\"Mon\",\"Tue\",\"Wed\",\"Thu\",\"Fri\",\"Sat\"],\"weekdaysMin\":[\"Su\",\"Mo\",\"Tu\",\"We\",\"Th\",\"Fr\",\"Sa\"],\"recaptchaConsentMissing\":\"reCaptcha validation couldn&#039;t load.\",\"recaptchaMissingCookie\":\"reCaptcha v3 validation couldn&#039;t load the cookie needed to submit the form.\",\"recaptchaConsentEvent\":\"Accept reCaptcha cookies before sending the form.\",\"currency_symbol\":\"&euro;\",\"beforeForm\":\"\",\"beforeFields\":\"\",\"afterFields\":\"\",\"afterForm\":\"\"};form.fields=[{\"objectType\":\"Field\",\"objectDomain\":\"fields\",\"editActive\":false,\"order\":1,\"idAttribute\":\"id\",\"label\":\"Ime in priimek\",\"key\":\"ime_in_priimek_1730021884738\",\"type\":\"firstname\",\"created_at\":\"2016-08-28 16:16:05\",\"label_pos\":\"above\",\"required\":1,\"default\":\"\",\"placeholder\":\"\",\"container_class\":\"\",\"element_class\":\"\",\"admin_label\":\"\",\"help_text\":\"\",\"desc_text\":\"\",\"field_label\":\"First Name\",\"field_key\":\"firstname\",\"custom_name_attribute\":\"fname\",\"personally_identifiable\":1,\"value\":\"\",\"drawerDisabled\":false,\"id\":7,\"beforeField\":\"\",\"afterField\":\"\",\"parentType\":\"firstname\",\"element_templates\":[\"firstname\",\"input\"],\"old_classname\":\"\",\"wrap_template\":\"wrap\"},{\"objectType\":\"Field\",\"objectDomain\":\"fields\",\"editActive\":false,\"order\":2,\"idAttribute\":\"id\",\"label\":\"Va\\u0161 eMail\",\"key\":\"vas_email_1730021935330\",\"type\":\"email\",\"created_at\":\"2016-08-28 16:16:05\",\"label_pos\":\"above\",\"required\":1,\"default\":\"\",\"placeholder\":\"\",\"container_class\":\"\",\"element_class\":\"\",\"admin_label\":\"\",\"help_text\":\"\",\"desc_text\":\"\",\"field_label\":\"Email\",\"field_key\":\"email\",\"custom_name_attribute\":\"email\",\"personally_identifiable\":1,\"value\":\"\",\"drawerDisabled\":false,\"id\":9,\"beforeField\":\"\",\"afterField\":\"\",\"parentType\":\"email\",\"element_templates\":[\"email\",\"input\"],\"old_classname\":\"\",\"wrap_template\":\"wrap\"},{\"objectType\":\"Field\",\"objectDomain\":\"fields\",\"editActive\":false,\"order\":3,\"idAttribute\":\"id\",\"type\":\"date\",\"label\":\"Datum\",\"key\":\"datum_1730022037932\",\"label_pos\":\"above\",\"required\":1,\"placeholder\":\"\",\"container_class\":\"\",\"element_class\":\"\",\"manual_key\":false,\"admin_label\":\"\",\"help_text\":\"<p>primer 10.10.2024<\\\/p>\",\"date_mode\":\"date_only\",\"date_default\":0,\"date_format\":\"DD.MM.YYYY\",\"year_range_start\":\"\",\"year_range_end\":\"\",\"hours_24\":0,\"minute_increment\":5,\"drawerDisabled\":false,\"id\":18,\"beforeField\":\"\",\"afterField\":\"\",\"value\":\"\",\"parentType\":\"date\",\"element_templates\":[\"date\",\"textbox\",\"input\"],\"old_classname\":\"\",\"wrap_template\":\"wrap\"},{\"objectType\":\"Field\",\"objectDomain\":\"fields\",\"editActive\":false,\"order\":4,\"idAttribute\":\"id\",\"type\":\"textarea\",\"label\":\"Sporo\\u010dilo\",\"key\":\"sporocilo_1730022142876\",\"label_pos\":\"above\",\"required\":false,\"default\":\"\",\"placeholder\":\"\",\"container_class\":\"\",\"element_class\":\"\",\"input_limit\":\"\",\"input_limit_type\":\"characters\",\"input_limit_msg\":\"Character(s) left\",\"manual_key\":false,\"admin_label\":\"\",\"help_text\":\"\",\"textarea_rte\":\"\",\"disable_rte_mobile\":\"\",\"textarea_media\":\"\",\"value\":\"\",\"drawerDisabled\":false,\"id\":19,\"beforeField\":\"\",\"afterField\":\"\",\"parentType\":\"textarea\",\"element_templates\":[\"textarea\",\"input\"],\"old_classname\":\"\",\"wrap_template\":\"wrap\"},{\"objectType\":\"Field\",\"objectDomain\":\"fields\",\"editActive\":false,\"order\":6,\"idAttribute\":\"id\",\"label\":\"Po\\u0161lji\",\"key\":\"poslji_1730022172490\",\"type\":\"submit\",\"created_at\":\"2016-08-28 16:16:05\",\"processing_label\":\"Procesiranje....\",\"container_class\":\"\",\"element_class\":\"\",\"field_label\":\"Register\",\"field_key\":\"register\",\"admin_label\":\"\",\"drawerDisabled\":false,\"id\":17,\"beforeField\":\"\",\"afterField\":\"\",\"value\":\"\",\"label_pos\":\"above\",\"parentType\":\"textbox\",\"element_templates\":[\"submit\",\"button\",\"input\"],\"old_classname\":\"\",\"wrap_template\":\"wrap-no-label\"}];nfForms.push(form);<\/script>\n        <\/div>\n<\/div><\/div><\/div>\n<\/section>","protected":false},"excerpt":{"rendered":"","protected":false},"author":1,"featured_media":0,"parent":0,"menu_order":0,"comment_status":"closed","ping_status":"closed","template":"","meta":{"_breakdance_hide_in_design_set":false,"_breakdance_tags":"","footnotes":""},"class_list":["post-33","page","type-page","status-publish","hentry"],"_links":{"self":[{"href":"https:\/\/tsrzobozdravstvo.si\/index.php?rest_route=\/wp\/v2\/pages\/33","targetHints":{"allow":["GET"]}}],"collection":[{"href":"https:\/\/tsrzobozdravstvo.si\/index.php?rest_route=\/wp\/v2\/pages"}],"about":[{"href":"https:\/\/tsrzobozdravstvo.si\/index.php?rest_route=\/wp\/v2\/types\/page"}],"author":[{"embeddable":true,"href":"https:\/\/tsrzobozdravstvo.si\/index.php?rest_route=\/wp\/v2\/users\/1"}],"replies":[{"embeddable":true,"href":"https:\/\/tsrzobozdravstvo.si\/index.php?rest_route=%2Fwp%2Fv2%2Fcomments&post=33"}],"version-history":[{"count":18,"href":"https:\/\/tsrzobozdravstvo.si\/index.php?rest_route=\/wp\/v2\/pages\/33\/revisions"}],"predecessor-version":[{"id":444,"href":"https:\/\/tsrzobozdravstvo.si\/index.php?rest_route=\/wp\/v2\/pages\/33\/revisions\/444"}],"wp:attachment":[{"href":"https:\/\/tsrzobozdravstvo.si\/index.php?rest_route=%2Fwp%2Fv2%2Fmedia&parent=33"}],"curies":[{"name":"wp","href":"https:\/\/api.w.org\/{rel}","templated":true}]}}